{"id":85,"date":"2015-06-22T12:53:46","date_gmt":"2015-06-22T10:53:46","guid":{"rendered":"http:\/\/m90.corsidistudio.unina.it\/?page_id=85"},"modified":"2026-03-09T14:44:10","modified_gmt":"2026-03-09T13:44:10","slug":"calendario-esami","status":"publish","type":"page","link":"https:\/\/m90.corsidistudio.unina.it\/?page_id=85","title":{"rendered":"Calendario esami"},"content":{"rendered":"<h1><span style=\"color: #ff0000\">AVVISO ADE E ATTIVITA&#8217; SEMINARIALI<\/span><\/h1>\n<p>Gli studenti sono invitati a verbalizzare ADE e Attivit\u00e0 Seminariali in corrispondenza degli appelli aperti su Segrepass e comunicati dalla Segreteria Didattica. Coloro che hanno seguito le suddette Attivit\u00e0 sono tenuti pertanto a controllare la propria carriera e procedere ad eventuali convalide entro e non oltre Marzo 2026, periodo oltre il quale le attivit\u00e0 gi\u00e0 seguite non potranno pi\u00f9 essere valutate per la convalida.<\/p>\n<h1><span style=\"color: #0000ff\">CALENDARIO ESAMI TPALL\u00a0<\/span><\/h1>\n<h1><span style=\"color: #ff0000\"><strong>Napoli<\/strong><\/span><\/h1>\n<h3><a href=\"https:\/\/m90.corsidistudio.unina.it\/wp-content\/uploads\/sites\/24\/2026\/02\/Date-Esami-I-Anno-Nuovo-Ordinamento-1.pdf\">Date Esami I Anno Nuovo Ordinamento<\/a><\/h3>\n<h3><a href=\"https:\/\/m90.corsidistudio.unina.it\/wp-content\/uploads\/sites\/24\/2026\/02\/Date-Esami-I-Anno-Vecchio-Ordinamento-1.pdf\">Date Esami I Anno Vecchio Ordinamento<\/a><\/h3>\n<h3><a href=\"https:\/\/m90.corsidistudio.unina.it\/wp-content\/uploads\/sites\/24\/2026\/03\/Date-Esami-II-Anno-Nuovo-Ordinamento.pdf\">Date Esami II Anno Nuovo Ordinamento<\/a><\/h3>\n<h3><a href=\"https:\/\/m90.corsidistudio.unina.it\/wp-content\/uploads\/sites\/24\/2026\/03\/Date-Esami-II-Anno-Vecchio-Ordinamento.pdf\">Date Esami II Anno Vecchio Ordinamento<\/a><\/h3>\n<h3><a href=\"https:\/\/m90.corsidistudio.unina.it\/wp-content\/uploads\/sites\/24\/2026\/01\/Date-Esami-III-ANNO-Nuovo-Ordinamento-1.pdf\">Date Esami III ANNO Nuovo Ordinamento<\/a><\/h3>\n<h3><a href=\"https:\/\/m90.corsidistudio.unina.it\/wp-content\/uploads\/sites\/24\/2026\/01\/Date-Esami-III-ANNO-Vecchio-Ordinamento.pdf\">Date Esami III ANNO Vecchio Ordinamento<\/a><\/h3>\n<h1><span style=\"color: #ff0000\">Salerno<\/span><\/h1>\n<h3><a href=\"https:\/\/m90.corsidistudio.unina.it\/wp-content\/uploads\/sites\/24\/2025\/12\/Calendario-ESAMI-I-anno-a.a.-2025-26.pdf\">Calendario ESAMI I anno\u00a0<\/a><\/h3>\n<h3><a href=\"https:\/\/m90.corsidistudio.unina.it\/wp-content\/uploads\/sites\/24\/2025\/12\/Calendario-ESAMI-II-anno-a.a.-2025-26.pdf\">Calendario ESAMI II anno\u00a0<\/a><\/h3>\n<h3><a href=\"https:\/\/m90.corsidistudio.unina.it\/wp-content\/uploads\/sites\/24\/2025\/12\/Calendario-ESAMI-III-anno-a.a.-2025-26-CdL-TPAL-SA.pdf\">Calendario ESAMI III anno\u00a0<\/a><\/h3>\n<p>&nbsp;<\/p>\n<p>&nbsp;<\/p>\n<p>&nbsp;<\/p>\n<p>&nbsp;<\/p>\n","protected":false},"excerpt":{"rendered":"<p>AVVISO ADE E ATTIVITA&#8217; SEMINARIALI Gli studenti sono invitati a verbalizzare ADE e Attivit\u00e0 Seminariali in corrispondenza degli appelli aperti su Segrepass e comunicati dalla &#8230; <\/p>\n","protected":false},"author":3,"featured_media":0,"parent":42,"menu_order":0,"comment_status":"closed","ping_status":"closed","template":"page-fullwidth.php","meta":{"footnotes":""},"class_list":["post-85","page","type-page","status-publish","hentry"],"_links":{"self":[{"href":"https:\/\/m90.corsidistudio.unina.it\/index.php?rest_route=\/wp\/v2\/pages\/85","targetHints":{"allow":["GET"]}}],"collection":[{"href":"https:\/\/m90.corsidistudio.unina.it\/index.php?rest_route=\/wp\/v2\/pages"}],"about":[{"href":"https:\/\/m90.corsidistudio.unina.it\/index.php?rest_route=\/wp\/v2\/types\/page"}],"author":[{"embeddable":true,"href":"https:\/\/m90.corsidistudio.unina.it\/index.php?rest_route=\/wp\/v2\/users\/3"}],"replies":[{"embeddable":true,"href":"https:\/\/m90.corsidistudio.unina.it\/index.php?rest_route=%2Fwp%2Fv2%2Fcomments&post=85"}],"version-history":[{"count":446,"href":"https:\/\/m90.corsidistudio.unina.it\/index.php?rest_route=\/wp\/v2\/pages\/85\/revisions"}],"predecessor-version":[{"id":4818,"href":"https:\/\/m90.corsidistudio.unina.it\/index.php?rest_route=\/wp\/v2\/pages\/85\/revisions\/4818"}],"up":[{"embeddable":true,"href":"https:\/\/m90.corsidistudio.unina.it\/index.php?rest_route=\/wp\/v2\/pages\/42"}],"wp:attachment":[{"href":"https:\/\/m90.corsidistudio.unina.it\/index.php?rest_route=%2Fwp%2Fv2%2Fmedia&parent=85"}],"curies":[{"name":"wp","href":"https:\/\/api.w.org\/{rel}","templated":true}]}}